{"id":35,"date":"2020-01-17T22:12:06","date_gmt":"2020-01-17T21:12:06","guid":{"rendered":"http:\/\/xn--klte-bianga-l8a.com\/?page_id=35"},"modified":"2020-02-14T19:50:15","modified_gmt":"2020-02-14T18:50:15","slug":"ueber-uns","status":"publish","type":"page","link":"https:\/\/xn--klte-bianga-l8a.de\/?page_id=35","title":{"rendered":"\u00dcber uns"},"content":{"rendered":"<h2><strong>Herzlich Willkommen\u00a0bei der Firma K\u00e4ltetechnik Bianga,<\/strong><\/h2>\n<p style=\"text-align: left;\">die Firma \u201eK\u00e4ltetechnik Bianga\u201c ist ein Einzelunternehmen, dass sich aus ausgebildeten Fachkr\u00e4ften der K\u00e4lte- &amp; Klimabranche gegr\u00fcndet hat.<\/p>\n<p style=\"text-align: left;\">Wir haben sehr hohe Kompetenzen im Montieren, Warten und Instandsetzen von:<\/p>\n<ul style=\"text-align: left;\">\n<li>\n<h4>K\u00e4lteanlagen aller Art<\/h4>\n<\/li>\n<li>\n<h4>W\u00e4rmepumpen<\/h4>\n<\/li>\n<li>\n<h4>Klimaanlagen von Namenhaften Herstellern<\/h4>\n<\/li>\n<li>\n<h4>Kaltwassers\u00e4tze<\/h4>\n<\/li>\n<li>\n<h4>Haustechnik<\/h4>\n<\/li>\n<\/ul>\n<p style=\"text-align: left;\">Seit 2018 ist K\u00e4ltetechnik Bianga t\u00e4tig und unser Team ist perfekt aufgestellt.\u00a0Durch unsere flache Hierarchie sind unsere Entscheidungswege sehr kurz,\u00a0um Ihnen m\u00f6glichst schnell zur Seite zu stehen.<\/p>\n<p style=\"text-align: left;\">Offene und ehrliche Kommunikation ist uns \u00e4u\u00dferst wichtig.<\/p>\n<p style=\"text-align: left;\">Wenn Sie qualifizierte Beratung, ma\u00dfgeschneiderte L\u00f6sungen und einen kompetenten Service erwarten, sind Sie bei uns genau richtig.<\/p>\n<p style=\"text-align: left;\">Unteranderem verf\u00fcgen wir \u00fcber folgende Zertifizierungen und Qualifikationen:<\/p>\n<ul style=\"text-align: left;\">\n<li>\n<h4>Meisterbetrieb im K\u00e4lteanlagenbauer-Handwerk<\/h4>\n<\/li>\n<li>\n<h4>Alle Mitarbeiter sind Kategorie I Qualifiziert<\/h4>\n<\/li>\n<li>\n<h4>Zertifizierung gem. \u00a7 6 ChemKlimaschutzV<\/h4>\n<\/li>\n<li>\n<h4>Hartl\u00f6terzertifizierung gem\u00e4\u00df DIN EN ISO 13585<\/h4>\n<\/li>\n<\/ul>\n<p style=\"text-align: left;\">Gerne beraten wir Sie in einem pers\u00f6nlichen Gespr\u00e4ch.<\/p>\n<p style=\"text-align: left;\"><strong>Ihr Enrico Bianga<\/strong><br \/>\n<strong>K\u00e4lteanlagenbauermeister<\/strong><\/p>\n","protected":false},"excerpt":{"rendered":"<p>Herzlich Willkommen\u00a0bei der Firma K\u00e4ltetechnik Bianga, die Firma \u201eK\u00e4ltetechnik Bianga\u201c ist ein Einzelunternehmen, dass sich aus ausgebildeten Fachkr\u00e4ften der K\u00e4lte- &amp; Klimabranche gegr\u00fcndet hat. Wir haben sehr hohe Kompetenzen im Montieren, Warten und Instandsetzen von: K\u00e4lteanlagen aller Art W\u00e4rmepumpen Klimaanlagen von Namenhaften Herstellern Kaltwassers\u00e4tze Haustechnik Seit 2018 ist K\u00e4ltetechnik Bianga t\u00e4tig und unser Team ist &hellip; <\/p>\n<p class=\"link-more\"><a href=\"https:\/\/xn--klte-bianga-l8a.de\/?page_id=35\" class=\"more-link\"><span class=\"screen-reader-text\">\u201e\u00dcber uns\u201c <\/span>weiterlesen<\/a><\/p>\n","protected":false},"author":1,"featured_media":0,"parent":0,"menu_order":0,"comment_status":"closed","ping_status":"closed","template":"","meta":{"footnotes":""},"class_list":["post-35","page","type-page","status-publish","hentry"],"jetpack_sharing_enabled":true,"_links":{"self":[{"href":"https:\/\/xn--klte-bianga-l8a.de\/index.php?rest_route=\/wp\/v2\/pages\/35","targetHints":{"allow":["GET"]}}],"collection":[{"href":"https:\/\/xn--klte-bianga-l8a.de\/index.php?rest_route=\/wp\/v2\/pages"}],"about":[{"href":"https:\/\/xn--klte-bianga-l8a.de\/index.php?rest_route=\/wp\/v2\/types\/page"}],"author":[{"embeddable":true,"href":"https:\/\/xn--klte-bianga-l8a.de\/index.php?rest_route=\/wp\/v2\/users\/1"}],"replies":[{"embeddable":true,"href":"https:\/\/xn--klte-bianga-l8a.de\/index.php?rest_route=%2Fwp%2Fv2%2Fcomments&post=35"}],"version-history":[{"count":2,"href":"https:\/\/xn--klte-bianga-l8a.de\/index.php?rest_route=\/wp\/v2\/pages\/35\/revisions"}],"predecessor-version":[{"id":87,"href":"https:\/\/xn--klte-bianga-l8a.de\/index.php?rest_route=\/wp\/v2\/pages\/35\/revisions\/87"}],"wp:attachment":[{"href":"https:\/\/xn--klte-bianga-l8a.de\/index.php?rest_route=%2Fwp%2Fv2%2Fmedia&parent=35"}],"curies":[{"name":"wp","href":"https:\/\/api.w.org\/{rel}","templated":true}]}}